{"id":8148,"date":"2026-01-09T15:47:45","date_gmt":"2026-01-09T14:47:45","guid":{"rendered":"https:\/\/charlottetoender.dk\/varer\/the-light\/"},"modified":"2026-01-09T16:11:58","modified_gmt":"2026-01-09T15:11:58","slug":"the-light","status":"publish","type":"product","link":"https:\/\/charlottetoender.dk\/en\/varer\/the-light\/","title":{"rendered":"The Light"},"content":{"rendered":"<h1 data-start=\"651\" data-end=\"703\"><strong data-start=\"651\" data-end=\"703\">The Light &#8211; painting by Charlotte T\u00f8nder  <\/strong><\/h1>\n<p data-start=\"705\" data-end=\"881\"><em data-start=\"705\" data-end=\"716\">The Light<\/em> is an atmospheric abstract painting where light plays a central role in the composition.<br data-start=\"807\" data-end=\"810\">The work measures <strong data-start=\"823\" data-end=\"837\">80 \u00d7 80 cm<\/strong> and is available for 8000 <strong data-start=\"859\" data-end=\"880\">DKK<\/strong>.<\/p>\n<p data-start=\"883\" data-end=\"1256\">A luminous field opens up in the center of the image and contrasts with the more dark, earthy and cool tones around it. Layers upon layers of transparent surfaces, traces and organic structures create depth and movement, giving the painting a sensuous and calm presence.<br data-start=\"1151\" data-end=\"1154\">The work balances between landscape and interior space, leaving room for immersion and personal interpretation. <\/p>\n<p data-start=\"1258\" data-end=\"1529\">By appointment, the painting can be borrowed home on trial &#8211; a good way to experience how the work fits into your own surroundings.<br data-start=\"1382\" data-end=\"1385\">I currently work from my studio in Gentofte, where private viewings are available by appointment. Here the works can be experienced in peace and presence. <\/p>\n<p data-start=\"1531\" data-end=\"1774\">My art revolves around color, composition and the quiet narrative that emerges in the process. You are welcome to explore the webshop or contact me for a personal viewing.<br data-start=\"1486\" data-end=\"1489\">You can also be inspired by <a href=\"https:\/\/charlottetoender.dk\/solgte-malerier-af-charlotte-toender\/\">my sold works:<\/a> <\/p>\n<hr data-start=\"1776\" data-end=\"1779\">\n<h2 data-start=\"1781\" data-end=\"1811\">\ud83d\udc69\u200d\ud83c\udfa8 About me as an artist<\/h2>\n<p data-start=\"1812\" data-end=\"2047\">The constant in my life is art. For more than 25 years, art has been my focal point and driving force. I am inspired by everything I encounter and experience, which is why my works are often different in both expression and mood.  <\/p>\n<p data-start=\"2049\" data-end=\"2286\">My mindset plays a crucial role in the creative process and I see it as a strength to be able to move freely between the abstract and the more figurative. Colors are always central and I use the whole palette without limitations. <\/p>\n<p data-start=\"2288\" data-end=\"2544\">My images only take shape when I sit in front of the canvas. I often start with a basic idea or motif that gradually dissolves and blurs. The randomness that arises in this process is explored further until the subject finds its own direction.  <\/p>\n<p>&nbsp;<\/p>\n","protected":false},"excerpt":{"rendered":"<p>Painting &#8211; acrylic on canvas 80 x 80 cm.<\/p>\n","protected":false},"featured_media":8133,"template":"","meta":{"_acf_changed":false,"site-sidebar-layout":"default","site-content-layout":"default","ast-site-content-layout":"default","site-content-style":"default","site-sidebar-style":"default","ast-global-header-display":"","ast-banner-title-visibility":"","ast-main-header-display":"","ast-hfb-above-header-display":"","ast-hfb-below-header-display":"","ast-hfb-mobile-header-display":"","site-post-title":"","ast-breadcrumbs-content":"","ast-featured-img":"","footer-sml-layout":"","ast-disable-related-posts":"","theme-transparent-header-meta":"default","adv-header-id-meta":"","stick-header-meta":"default","header-above-stick-meta":"","header-main-stick-meta":"","header-below-stick-meta":"","astra-migrate-meta-layouts":"default","ast-page-background-enabled":"default","ast-page-background-meta":{"desktop":{"background-color":"","background-image":"","background-repeat":"repeat","background-position":"center center","background-size":"auto","background-attachment":"scroll","background-type":"","background-media":"","overlay-type":"","overlay-color":"","overlay-opacity":"","overlay-gradient":""},"tablet":{"background-color":"","background-image":"","background-repeat":"repeat","background-position":"center center","background-size":"auto","background-attachment":"scroll","background-type":"","background-media":"","overlay-type":"","overlay-color":"","overlay-opacity":"","overlay-gradient":""},"mobile":{"background-color":"","background-image":"","background-repeat":"repeat","background-position":"center center","background-size":"auto","background-attachment":"scroll","background-type":"","background-media":"","overlay-type":"","overlay-color":"","overlay-opacity":"","overlay-gradient":""}},"ast-content-background-meta":{"desktop":{"background-color":"var(--ast-global-color-5)","background-image":"","background-repeat":"repeat","background-position":"center center","background-size":"auto","background-attachment":"scroll","background-type":"","background-media":"","overlay-type":"","overlay-color":"","overlay-opacity":"","overlay-gradient":""},"tablet":{"background-color":"var(--ast-global-color-5)","background-image":"","background-repeat":"repeat","background-position":"center center","background-size":"auto","background-attachment":"scroll","background-type":"","background-media":"","overlay-type":"","overlay-color":"","overlay-opacity":"","overlay-gradient":""},"mobile":{"background-color":"var(--ast-global-color-5)","background-image":"","background-repeat":"repeat","background-position":"center center","background-size":"auto","background-attachment":"scroll","background-type":"","background-media":"","overlay-type":"","overlay-color":"","overlay-opacity":"","overlay-gradient":""}}},"product_brand":[206],"product_cat":[143,131,126],"product_tag":[199,203,205,204,208,200,201,202],"class_list":{"0":"post-8148","1":"product","2":"type-product","3":"status-publish","4":"has-post-thumbnail","6":"product_brand-charlotte-toender","7":"product_cat-inspiration-previous-works-paintings","8":"product_cat-paintings-by-charlotte-toender","9":"product_cat-uncategorized","10":"product_tag-abstract-painting","11":"product_tag-art-for-the-home","12":"product_tag-charlotte-barrels","13":"product_tag-danish-contemporary-art","14":"product_tag-golden-paintings","15":"product_tag-modern-art","16":"product_tag-original-art","17":"product_tag-painting-with-light","18":"desktop-align-center","19":"tablet-align-center","20":"mobile-align-center","21":"ast-product-gallery-layout-vertical","22":"ast-product-gallery-with-no-image","23":"ast-product-tabs-layout-horizontal","24":"ast-qv-on-image","26":"first","27":"instock","28":"taxable","29":"shipping-taxable","30":"purchasable","31":"product-type-simple"},"acf":[],"yoast_head":"<!-- This site is optimized with the Yoast SEO plugin v27.6 - https:\/\/yoast.com\/product\/yoast-seo-wordpress\/ -->\n<title>The Light - Charlottetoender.dk<\/title>\n<meta name=\"description\" content=\"Abstract painting &quot;The Light&quot; shows its warm luminous center in golden and blue-green hues. Original artwork by Charlotte T\u00f8nder. 8000. DKK - 80 x 80 cm.\" \/>\n<meta name=\"robots\" content=\"index, follow, max-snippet:-1, max-image-preview:large, max-video-preview:-1\" \/>\n<link rel=\"canonical\" href=\"https:\/\/charlottetoender.dk\/en\/varer\/the-light\/\" \/>\n<meta property=\"og:locale\" content=\"en_US\" \/>\n<meta property=\"og:type\" content=\"article\" \/>\n<meta property=\"og:title\" content=\"The Light - Charlottetoender.dk\" \/>\n<meta property=\"og:description\" content=\"Abstract painting &quot;The Light&quot; shows its warm luminous center in golden and blue-green hues. Original artwork by Charlotte T\u00f8nder. 8000. DKK - 80 x 80 cm.\" \/>\n<meta property=\"og:url\" content=\"https:\/\/charlottetoender.dk\/en\/varer\/the-light\/\" \/>\n<meta property=\"og:site_name\" content=\"Charlottetoender.dk\" \/>\n<meta property=\"article:publisher\" content=\"https:\/\/www.facebook.com\/CharlotteToender\/\" \/>\n<meta property=\"article:modified_time\" content=\"2026-01-09T15:11:58+00:00\" \/>\n<meta property=\"og:image\" content=\"https:\/\/charlottetoender.dk\/wp-content\/uploads\/2026\/01\/Maleri-Charlotte-toender-titel-The-Light.jpeg\" \/>\n\t<meta property=\"og:image:width\" content=\"1269\" \/>\n\t<meta property=\"og:image:height\" content=\"1280\" \/>\n\t<meta property=\"og:image:type\" content=\"image\/jpeg\" \/>\n<meta name=\"twitter:card\" content=\"summary_large_image\" \/>\n<meta name=\"twitter:label1\" content=\"Est. reading time\" \/>\n\t<meta name=\"twitter:data1\" content=\"2 minutes\" \/>\n<script type=\"application\/ld+json\" class=\"yoast-schema-graph\">{\"@context\":\"https:\\\/\\\/schema.org\",\"@graph\":[{\"@type\":\"WebPage\",\"@id\":\"https:\\\/\\\/charlottetoender.dk\\\/en\\\/varer\\\/the-light\\\/\",\"url\":\"https:\\\/\\\/charlottetoender.dk\\\/en\\\/varer\\\/the-light\\\/\",\"name\":\"The Light - Charlottetoender.dk\",\"isPartOf\":{\"@id\":\"https:\\\/\\\/charlottetoender.dk\\\/en\\\/#website\"},\"primaryImageOfPage\":{\"@id\":\"https:\\\/\\\/charlottetoender.dk\\\/en\\\/varer\\\/the-light\\\/#primaryimage\"},\"image\":{\"@id\":\"https:\\\/\\\/charlottetoender.dk\\\/en\\\/varer\\\/the-light\\\/#primaryimage\"},\"thumbnailUrl\":\"https:\\\/\\\/charlottetoender.dk\\\/wp-content\\\/uploads\\\/2026\\\/01\\\/Maleri-Charlotte-toender-titel-The-Light.jpeg\",\"datePublished\":\"2026-01-09T14:47:45+00:00\",\"dateModified\":\"2026-01-09T15:11:58+00:00\",\"description\":\"Abstract painting \\\"The Light\\\" shows its warm luminous center in golden and blue-green hues. Original artwork by Charlotte T\u00f8nder. 8000. DKK - 80 x 80 cm.\",\"breadcrumb\":{\"@id\":\"https:\\\/\\\/charlottetoender.dk\\\/en\\\/varer\\\/the-light\\\/#breadcrumb\"},\"inLanguage\":\"en-US\",\"potentialAction\":[{\"@type\":\"ReadAction\",\"target\":[\"https:\\\/\\\/charlottetoender.dk\\\/en\\\/varer\\\/the-light\\\/\"]}]},{\"@type\":\"ImageObject\",\"inLanguage\":\"en-US\",\"@id\":\"https:\\\/\\\/charlottetoender.dk\\\/en\\\/varer\\\/the-light\\\/#primaryimage\",\"url\":\"https:\\\/\\\/charlottetoender.dk\\\/wp-content\\\/uploads\\\/2026\\\/01\\\/Maleri-Charlotte-toender-titel-The-Light.jpeg\",\"contentUrl\":\"https:\\\/\\\/charlottetoender.dk\\\/wp-content\\\/uploads\\\/2026\\\/01\\\/Maleri-Charlotte-toender-titel-The-Light.jpeg\",\"width\":1269,\"height\":1280,\"caption\":\"The Light er et stemningsfuldt abstrakt maleri, hvor et bl\u00f8dt, lysende centrum bryder gennem dybere jord- og bl\u00e5gr\u00f8nne nuancer. Kontrasten mellem lys og m\u00f8rke skaber en rolig, n\u00e6sten meditativ stemning. V\u00e6rket inviterer beskueren ind i et \u00e5bent rum fyldt med refleksion og h\u00e5b.\"},{\"@type\":\"BreadcrumbList\",\"@id\":\"https:\\\/\\\/charlottetoender.dk\\\/en\\\/varer\\\/the-light\\\/#breadcrumb\",\"itemListElement\":[{\"@type\":\"ListItem\",\"position\":1,\"name\":\"Shop\",\"item\":\"https:\\\/\\\/charlottetoender.dk\\\/shop\\\/\"},{\"@type\":\"ListItem\",\"position\":2,\"name\":\"The Light\"}]},{\"@type\":\"WebSite\",\"@id\":\"https:\\\/\\\/charlottetoender.dk\\\/en\\\/#website\",\"url\":\"https:\\\/\\\/charlottetoender.dk\\\/en\\\/\",\"name\":\"Charlottetoender.dk\",\"description\":\"Galleri Charlotte T\u00f8nder\",\"publisher\":{\"@id\":\"https:\\\/\\\/charlottetoender.dk\\\/en\\\/#organization\"},\"potentialAction\":[{\"@type\":\"SearchAction\",\"target\":{\"@type\":\"EntryPoint\",\"urlTemplate\":\"https:\\\/\\\/charlottetoender.dk\\\/en\\\/?s={search_term_string}\"},\"query-input\":{\"@type\":\"PropertyValueSpecification\",\"valueRequired\":true,\"valueName\":\"search_term_string\"}}],\"inLanguage\":\"en-US\"},{\"@type\":\"Organization\",\"@id\":\"https:\\\/\\\/charlottetoender.dk\\\/en\\\/#organization\",\"name\":\"Galleri Charlotte T\u00f8nder\",\"url\":\"https:\\\/\\\/charlottetoender.dk\\\/en\\\/\",\"logo\":{\"@type\":\"ImageObject\",\"inLanguage\":\"en-US\",\"@id\":\"https:\\\/\\\/charlottetoender.dk\\\/en\\\/#\\\/schema\\\/logo\\\/image\\\/\",\"url\":\"https:\\\/\\\/charlottetoender.dk\\\/wp-content\\\/uploads\\\/2019\\\/07\\\/Logo.png\",\"contentUrl\":\"https:\\\/\\\/charlottetoender.dk\\\/wp-content\\\/uploads\\\/2019\\\/07\\\/Logo.png\",\"width\":339,\"height\":122,\"caption\":\"Galleri Charlotte T\u00f8nder\"},\"image\":{\"@id\":\"https:\\\/\\\/charlottetoender.dk\\\/en\\\/#\\\/schema\\\/logo\\\/image\\\/\"},\"sameAs\":[\"https:\\\/\\\/www.facebook.com\\\/CharlotteToender\\\/\",\"https:\\\/\\\/www.instagram.com\\\/gallerycharlottetoender\\\/?hl=da\",\"https:\\\/\\\/www.pinterest.dk\\\/charlottetoender\\\/\"]}]}<\/script>\n<!-- \/ Yoast SEO plugin. -->","yoast_head_json":{"title":"The Light - Charlottetoender.dk","description":"Abstract painting \"The Light\" shows its warm luminous center in golden and blue-green hues. Original artwork by Charlotte T\u00f8nder. 8000. DKK - 80 x 80 cm.","robots":{"index":"index","follow":"follow","max-snippet":"max-snippet:-1","max-image-preview":"max-image-preview:large","max-video-preview":"max-video-preview:-1"},"canonical":"https:\/\/charlottetoender.dk\/en\/varer\/the-light\/","og_locale":"en_US","og_type":"article","og_title":"The Light - Charlottetoender.dk","og_description":"Abstract painting \"The Light\" shows its warm luminous center in golden and blue-green hues. Original artwork by Charlotte T\u00f8nder. 8000. DKK - 80 x 80 cm.","og_url":"https:\/\/charlottetoender.dk\/en\/varer\/the-light\/","og_site_name":"Charlottetoender.dk","article_publisher":"https:\/\/www.facebook.com\/CharlotteToender\/","article_modified_time":"2026-01-09T15:11:58+00:00","og_image":[{"width":1269,"height":1280,"url":"https:\/\/charlottetoender.dk\/wp-content\/uploads\/2026\/01\/Maleri-Charlotte-toender-titel-The-Light.jpeg","type":"image\/jpeg"}],"twitter_card":"summary_large_image","twitter_misc":{"Est. reading time":"2 minutes"},"schema":{"@context":"https:\/\/schema.org","@graph":[{"@type":"WebPage","@id":"https:\/\/charlottetoender.dk\/en\/varer\/the-light\/","url":"https:\/\/charlottetoender.dk\/en\/varer\/the-light\/","name":"The Light - Charlottetoender.dk","isPartOf":{"@id":"https:\/\/charlottetoender.dk\/en\/#website"},"primaryImageOfPage":{"@id":"https:\/\/charlottetoender.dk\/en\/varer\/the-light\/#primaryimage"},"image":{"@id":"https:\/\/charlottetoender.dk\/en\/varer\/the-light\/#primaryimage"},"thumbnailUrl":"https:\/\/charlottetoender.dk\/wp-content\/uploads\/2026\/01\/Maleri-Charlotte-toender-titel-The-Light.jpeg","datePublished":"2026-01-09T14:47:45+00:00","dateModified":"2026-01-09T15:11:58+00:00","description":"Abstract painting \"The Light\" shows its warm luminous center in golden and blue-green hues. Original artwork by Charlotte T\u00f8nder. 8000. DKK - 80 x 80 cm.","breadcrumb":{"@id":"https:\/\/charlottetoender.dk\/en\/varer\/the-light\/#breadcrumb"},"inLanguage":"en-US","potentialAction":[{"@type":"ReadAction","target":["https:\/\/charlottetoender.dk\/en\/varer\/the-light\/"]}]},{"@type":"ImageObject","inLanguage":"en-US","@id":"https:\/\/charlottetoender.dk\/en\/varer\/the-light\/#primaryimage","url":"https:\/\/charlottetoender.dk\/wp-content\/uploads\/2026\/01\/Maleri-Charlotte-toender-titel-The-Light.jpeg","contentUrl":"https:\/\/charlottetoender.dk\/wp-content\/uploads\/2026\/01\/Maleri-Charlotte-toender-titel-The-Light.jpeg","width":1269,"height":1280,"caption":"The Light er et stemningsfuldt abstrakt maleri, hvor et bl\u00f8dt, lysende centrum bryder gennem dybere jord- og bl\u00e5gr\u00f8nne nuancer. Kontrasten mellem lys og m\u00f8rke skaber en rolig, n\u00e6sten meditativ stemning. V\u00e6rket inviterer beskueren ind i et \u00e5bent rum fyldt med refleksion og h\u00e5b."},{"@type":"BreadcrumbList","@id":"https:\/\/charlottetoender.dk\/en\/varer\/the-light\/#breadcrumb","itemListElement":[{"@type":"ListItem","position":1,"name":"Shop","item":"https:\/\/charlottetoender.dk\/shop\/"},{"@type":"ListItem","position":2,"name":"The Light"}]},{"@type":"WebSite","@id":"https:\/\/charlottetoender.dk\/en\/#website","url":"https:\/\/charlottetoender.dk\/en\/","name":"Charlottetoender.dk","description":"Galleri Charlotte T\u00f8nder","publisher":{"@id":"https:\/\/charlottetoender.dk\/en\/#organization"},"potentialAction":[{"@type":"SearchAction","target":{"@type":"EntryPoint","urlTemplate":"https:\/\/charlottetoender.dk\/en\/?s={search_term_string}"},"query-input":{"@type":"PropertyValueSpecification","valueRequired":true,"valueName":"search_term_string"}}],"inLanguage":"en-US"},{"@type":"Organization","@id":"https:\/\/charlottetoender.dk\/en\/#organization","name":"Galleri Charlotte T\u00f8nder","url":"https:\/\/charlottetoender.dk\/en\/","logo":{"@type":"ImageObject","inLanguage":"en-US","@id":"https:\/\/charlottetoender.dk\/en\/#\/schema\/logo\/image\/","url":"https:\/\/charlottetoender.dk\/wp-content\/uploads\/2019\/07\/Logo.png","contentUrl":"https:\/\/charlottetoender.dk\/wp-content\/uploads\/2019\/07\/Logo.png","width":339,"height":122,"caption":"Galleri Charlotte T\u00f8nder"},"image":{"@id":"https:\/\/charlottetoender.dk\/en\/#\/schema\/logo\/image\/"},"sameAs":["https:\/\/www.facebook.com\/CharlotteToender\/","https:\/\/www.instagram.com\/gallerycharlottetoender\/?hl=da","https:\/\/www.pinterest.dk\/charlottetoender\/"]}]}},"jetpack_sharing_enabled":true,"_links":{"self":[{"href":"https:\/\/charlottetoender.dk\/en\/wp-json\/wp\/v2\/product\/8148","targetHints":{"allow":["GET"]}}],"collection":[{"href":"https:\/\/charlottetoender.dk\/en\/wp-json\/wp\/v2\/product"}],"about":[{"href":"https:\/\/charlottetoender.dk\/en\/wp-json\/wp\/v2\/types\/product"}],"version-history":[{"count":0,"href":"https:\/\/charlottetoender.dk\/en\/wp-json\/wp\/v2\/product\/8148\/revisions"}],"wp:featuredmedia":[{"embeddable":true,"href":"https:\/\/charlottetoender.dk\/en\/wp-json\/wp\/v2\/media\/8133"}],"wp:attachment":[{"href":"https:\/\/charlottetoender.dk\/en\/wp-json\/wp\/v2\/media?parent=8148"}],"wp:term":[{"taxonomy":"product_brand","embeddable":true,"href":"https:\/\/charlottetoender.dk\/en\/wp-json\/wp\/v2\/product_brand?post=8148"},{"taxonomy":"product_cat","embeddable":true,"href":"https:\/\/charlottetoender.dk\/en\/wp-json\/wp\/v2\/product_cat?post=8148"},{"taxonomy":"product_tag","embeddable":true,"href":"https:\/\/charlottetoender.dk\/en\/wp-json\/wp\/v2\/product_tag?post=8148"}],"curies":[{"name":"wp","href":"https:\/\/api.w.org\/{rel}","templated":true}]}}